{"id":108,"date":"2023-04-26T14:27:33","date_gmt":"2023-04-26T12:27:33","guid":{"rendered":"http:\/\/scs-sion.ch\/commerces-de-sion\/?page_id=108"},"modified":"2025-09-08T08:46:46","modified_gmt":"2025-09-08T06:46:46","slug":"digigift","status":"publish","type":"page","link":"https:\/\/scs-sion.ch\/commerces-de-sion\/digigift\/","title":{"rendered":"Bon Cadeau"},"content":{"rendered":"<p>[et_pb_section fb_built=\u00a0\u00bb1&Prime; _builder_version=\u00a0\u00bb4.20.4&Prime; _module_preset=\u00a0\u00bbdefault\u00a0\u00bb global_colors_info=\u00a0\u00bb{}\u00a0\u00bb][et_pb_row _builder_version=\u00a0\u00bb4.20.4&Prime; _module_preset=\u00a0\u00bbdefault\u00a0\u00bb global_colors_info=\u00a0\u00bb{}\u00a0\u00bb][et_pb_column type=\u00a0\u00bb4_4&Prime; _builder_version=\u00a0\u00bb4.20.4&Prime; _module_preset=\u00a0\u00bbdefault\u00a0\u00bb global_colors_info=\u00a0\u00bb{}\u00a0\u00bb][et_pb_text _builder_version=\u00a0\u00bb4.20.4&Prime; _module_preset=\u00a0\u00bbdefault\u00a0\u00bb header_font=\u00a0\u00bb|700|||||||\u00a0\u00bb header_text_align=\u00a0\u00bbcenter\u00a0\u00bb global_colors_info=\u00a0\u00bb{}\u00a0\u00bb]<\/p>\n<h1>BON CADEAU PAPIER<\/h1>\n<p>[\/et_pb_text][\/et_pb_column][\/et_pb_row][et_pb_row column_structure=\u00a0\u00bb2_3,1_3&Prime; _builder_version=\u00a0\u00bb4.27.4&Prime; _module_preset=\u00a0\u00bbdefault\u00a0\u00bb global_colors_info=\u00a0\u00bb{}\u00a0\u00bb][et_pb_column type=\u00a0\u00bb2_3&Prime; _builder_version=\u00a0\u00bb4.21.0&Prime; _module_preset=\u00a0\u00bbdefault\u00a0\u00bb custom_css_main_element=\u00a0\u00bbmargin:auto;\u00a0\u00bb global_colors_info=\u00a0\u00bb{}\u00a0\u00bb][et_pb_text _builder_version=\u00a0\u00bb4.27.4&Prime; _module_preset=\u00a0\u00bbdefault\u00a0\u00bb hover_enabled=\u00a0\u00bb0&Prime; global_colors_info=\u00a0\u00bb{}\u00a0\u00bb sticky_enabled=\u00a0\u00bb0&Prime;]<\/p>\n<h6>COMMENT \u00c7A FONCTIONNE ?<\/h6>\n<ul>\n<li>Les bons papiers SCS peuvent \u00eatre achet\u00e9s aupr\u00e8s de :\n<ol>\n<li><strong><a href=\"https:\/\/coiffure-milady.ch\/\" target=\"_blank\" rel=\"noopener\">Milady Coiffure<\/a><\/strong>\u00a0 (<span>Rue de Savi\u00e8se 1, 1950 Sion) &#8211; paiement par TWINT<\/span><\/li>\n<li><strong><a href=\"https:\/\/lessaisonsbleues.ch\/\" target=\"_blank\" rel=\"noopener\">Les Saisons Bleues<\/a> \u00a0<\/strong>(<span>Av. du Midi 9, 1950 Sion<\/span>)<span> &#8211; paiement par TWINT<\/span><\/li>\n<\/ol>\n<\/li>\n<li><strong>Les bons sont utilisables dans la plupart des commerces membres de l&rsquo;association !<\/strong><\/li>\n<\/ul>\n<p><strong><\/strong><\/p>\n<h6>DES BONS PERSONNALIS\u00c9S POUR LES ENTREPRISES !<\/h6>\n<p>Nous proposons aussi la possibilit\u00e9 d\u2019envoyer ces <strong>bons personnalis\u00e9s \u00e0 l\u2019ensemble de vos employ\u00e9s<\/strong> (<em>pr\u00e9voir 2 semaines de d\u00e9lai de production<\/em>). Nous nous r\u00e9jouissons de discuter de votre projet <strong>: <a href=\"mailto:info@scs-sion.ch\">info@scs-sion.ch<\/a><\/strong><\/p>\n<p><strong><\/strong><\/p>\n<p>[\/et_pb_text][et_pb_text _builder_version=\u00a0\u00bb4.27.4&Prime; _module_preset=\u00a0\u00bbdefault\u00a0\u00bb hover_enabled=\u00a0\u00bb0&Prime; global_colors_info=\u00a0\u00bb{}\u00a0\u00bb sticky_enabled=\u00a0\u00bb0&Prime;]<\/p>\n<h6>VOS AVANTAGES ?<\/h6>\n<ol>\n<li>Un bon qui fera plaisir \u00e0 coup s\u00fbr<\/li>\n<li>Un bon qui fait vivre les commerces locaux (100% du montant achet\u00e9 et revers\u00e9 aux commerces)<\/li>\n<li>Un bon toujours \u00e0 port\u00e9e de main !<\/li>\n<\/ol>\n<p>[\/et_pb_text][\/et_pb_column][et_pb_column type=\u00a0\u00bb1_3&Prime; _builder_version=\u00a0\u00bb4.20.4&Prime; _module_preset=\u00a0\u00bbdefault\u00a0\u00bb global_colors_info=\u00a0\u00bb{}\u00a0\u00bb][et_pb_image src=\u00a0\u00bbhttp:\/\/scs-sion.ch\/commerces-de-sion\/wp-content\/uploads\/2025\/08\/307c2e9e-9d5a-4453-bd2f-997f516bb019-200&#215;300.jpg\u00a0\u00bb title_text=\u00a0\u00bb307c2e9e-9d5a-4453-bd2f-997f516bb019&Prime; force_fullwidth=\u00a0\u00bbon\u00a0\u00bb _builder_version=\u00a0\u00bb4.27.4&Prime; _module_preset=\u00a0\u00bbdefault\u00a0\u00bb global_colors_info=\u00a0\u00bb{}\u00a0\u00bb][\/et_pb_image][\/et_pb_column][\/et_pb_row][et_pb_row _builder_version=\u00a0\u00bb4.20.4&Prime; _module_preset=\u00a0\u00bbdefault\u00a0\u00bb global_colors_info=\u00a0\u00bb{}\u00a0\u00bb][et_pb_column type=\u00a0\u00bb4_4&Prime; _builder_version=\u00a0\u00bb4.20.4&Prime; _module_preset=\u00a0\u00bbdefault\u00a0\u00bb global_colors_info=\u00a0\u00bb{}\u00a0\u00bb][et_pb_text _builder_version=\u00a0\u00bb4.20.4&Prime; _module_preset=\u00a0\u00bbdefault\u00a0\u00bb header_font=\u00a0\u00bb|700|||||||\u00a0\u00bb header_text_align=\u00a0\u00bbcenter\u00a0\u00bb global_colors_info=\u00a0\u00bb{}\u00a0\u00bb]<\/p>\n<h1>BON CADEAU DIGITAL<\/h1>\n<p>[\/et_pb_text][\/et_pb_column][\/et_pb_row][et_pb_row column_structure=\u00a0\u00bb1_3,2_3&Prime; make_equal=\u00a0\u00bbon\u00a0\u00bb _builder_version=\u00a0\u00bb4.21.0&Prime; _module_preset=\u00a0\u00bbdefault\u00a0\u00bb global_colors_info=\u00a0\u00bb{}\u00a0\u00bb][et_pb_column type=\u00a0\u00bb1_3&Prime; _builder_version=\u00a0\u00bb4.27.4&Prime; _module_preset=\u00a0\u00bbdefault\u00a0\u00bb global_colors_info=\u00a0\u00bb{}\u00a0\u00bb][et_pb_video src=\u00a0\u00bbhttps:\/\/scs-sion.ch\/commerces-de-sion\/wp-content\/uploads\/2023\/06\/SCS-faites-plaisir-a-vos-proches.mp4&Prime; src_webm=\u00a0\u00bbhttps:\/\/scs-sion.ch\/commerces-de-sion\/wp-content\/uploads\/2023\/06\/SCS-faites-plaisir-a-vos-proches.webm\u00a0\u00bb _builder_version=\u00a0\u00bb4.21.0&Prime; _module_preset=\u00a0\u00bbdefault\u00a0\u00bb width=\u00a0\u00bb80%\u00a0\u00bb width_tablet=\u00a0\u00bb60%\u00a0\u00bb width_phone=\u00a0\u00bb92%\u00a0\u00bb width_last_edited=\u00a0\u00bbon|phone\u00a0\u00bb module_alignment=\u00a0\u00bbcenter\u00a0\u00bb global_colors_info=\u00a0\u00bb{}\u00a0\u00bb][\/et_pb_video][\/et_pb_column][et_pb_column type=\u00a0\u00bb2_3&Prime; _builder_version=\u00a0\u00bb4.21.0&Prime; _module_preset=\u00a0\u00bbdefault\u00a0\u00bb custom_css_main_element=\u00a0\u00bbmargin:auto;\u00a0\u00bb global_colors_info=\u00a0\u00bb{}\u00a0\u00bb][et_pb_text _builder_version=\u00a0\u00bb4.20.4&Prime; _module_preset=\u00a0\u00bbdefault\u00a0\u00bb global_colors_info=\u00a0\u00bb{}\u00a0\u00bb]<\/p>\n<h6>COMMENT \u00c7A FONCTIONNE ?<\/h6>\n<ol>\n<li>Achetez des bons digitaux sur l\u2019application <a href=\"https:\/\/digigift.ch\/\" target=\"_blank\" rel=\"noopener\">DigiGift<\/a> (disponible sur Android \/ iPhone). Vous achetez via votre compte Android, Apple ou carte de cr\u00e9dit.<\/li>\n<li>Offrez-le \u00e0 vos amis, familles, coll\u00e8gues en y ins\u00e9rer un petit message, vocal ou image anim\u00e9e<\/li>\n<li>Les bons sont utilisables dans les commerces indiqu\u00e9s sur l\u2019application<\/li>\n<\/ol>\n<p>Pour les entreprises, nous proposons aussi la possibilit\u00e9 d\u2019envoyer ces bons \u00e0 l\u2019ensemble de vos employ\u00e9s.<\/p>\n<p>[\/et_pb_text][\/et_pb_column][\/et_pb_row][\/et_pb_section]<\/p>\n","protected":false},"excerpt":{"rendered":"<p>BON CADEAU PAPIERCOMMENT \u00c7A FONCTIONNE ? Les bons papiers SCS peuvent \u00eatre achet\u00e9s aupr\u00e8s de : Milady Coiffure\u00a0 (Rue de Savi\u00e8se 1, 1950 Sion) &#8211; paiement par TWINT Les Saisons Bleues \u00a0(Av. du Midi 9, 1950 Sion) &#8211; paiement par TWINT Les bons sont utilisables dans la plupart des commerces membres de l&rsquo;association ! DES [&hellip;]<\/p>\n","protected":false},"author":2,"featured_media":0,"parent":0,"menu_order":0,"comment_status":"closed","ping_status":"closed","template":"","meta":{"_et_pb_use_builder":"on","_et_pb_old_content":"","_et_gb_content_width":"","inline_featured_image":false,"footnotes":""},"class_list":["post-108","page","type-page","status-publish","hentry"],"yoast_head":"<!-- This site is optimized with the Yoast SEO plugin v27.3 - https:\/\/yoast.com\/product\/yoast-seo-wordpress\/ -->\n<title>Bon Cadeau - Sion Commerces et Services<\/title>\n<meta name=\"description\" content=\"SCS propose des bons cadeaux digitaux que vous pouvez utiliser dans l&#039;ensemble des commerces membres de l&#039;association.\" \/>\n<meta name=\"robots\" content=\"index, follow, max-snippet:-1, max-image-preview:large, max-video-preview:-1\" \/>\n<link rel=\"canonical\" href=\"https:\/\/scs-sion.ch\/commerces-de-sion\/digigift\/\" \/>\n<meta property=\"og:locale\" content=\"fr_FR\" \/>\n<meta property=\"og:type\" content=\"article\" \/>\n<meta property=\"og:title\" content=\"Bon Cadeau - Sion Commerces et Services\" \/>\n<meta property=\"og:description\" content=\"SCS propose des bons cadeaux digitaux que vous pouvez utiliser dans l&#039;ensemble des commerces membres de l&#039;association.\" \/>\n<meta property=\"og:url\" content=\"https:\/\/scs-sion.ch\/commerces-de-sion\/digigift\/\" \/>\n<meta property=\"og:site_name\" content=\"Sion Commerces et Services\" \/>\n<meta property=\"article:publisher\" content=\"https:\/\/www.facebook.com\/scssion\/\" \/>\n<meta property=\"article:modified_time\" content=\"2025-09-08T06:46:46+00:00\" \/>\n<meta property=\"og:image\" content=\"https:\/\/scs-sion.ch\/commerces-de-sion\/wp-content\/uploads\/2023\/05\/image-entite.png\" \/>\n\t<meta property=\"og:image:width\" content=\"1200\" \/>\n\t<meta property=\"og:image:height\" content=\"675\" \/>\n\t<meta property=\"og:image:type\" content=\"image\/png\" \/>\n<meta name=\"twitter:card\" content=\"summary_large_image\" \/>\n<meta name=\"twitter:label1\" content=\"Dur\u00e9e de lecture estim\u00e9e\" \/>\n\t<meta name=\"twitter:data1\" content=\"2 minutes\" \/>\n<script type=\"application\/ld+json\" class=\"yoast-schema-graph\">{\"@context\":\"https:\\\/\\\/schema.org\",\"@graph\":[{\"@type\":\"WebPage\",\"@id\":\"https:\\\/\\\/scs-sion.ch\\\/commerces-de-sion\\\/digigift\\\/\",\"url\":\"https:\\\/\\\/scs-sion.ch\\\/commerces-de-sion\\\/digigift\\\/\",\"name\":\"Bon Cadeau - Sion Commerces et Services\",\"isPartOf\":{\"@id\":\"https:\\\/\\\/scs-sion.ch\\\/commerces-de-sion\\\/#website\"},\"datePublished\":\"2023-04-26T12:27:33+00:00\",\"dateModified\":\"2025-09-08T06:46:46+00:00\",\"description\":\"SCS propose des bons cadeaux digitaux que vous pouvez utiliser dans l'ensemble des commerces membres de l'association.\",\"breadcrumb\":{\"@id\":\"https:\\\/\\\/scs-sion.ch\\\/commerces-de-sion\\\/digigift\\\/#breadcrumb\"},\"inLanguage\":\"fr-FR\",\"potentialAction\":[{\"@type\":\"ReadAction\",\"target\":[\"https:\\\/\\\/scs-sion.ch\\\/commerces-de-sion\\\/digigift\\\/\"]}]},{\"@type\":\"BreadcrumbList\",\"@id\":\"https:\\\/\\\/scs-sion.ch\\\/commerces-de-sion\\\/digigift\\\/#breadcrumb\",\"itemListElement\":[{\"@type\":\"ListItem\",\"position\":1,\"name\":\"Accueil\",\"item\":\"https:\\\/\\\/scs-sion.ch\\\/commerces-de-sion\\\/\"},{\"@type\":\"ListItem\",\"position\":2,\"name\":\"Bon Cadeau\"}]},{\"@type\":\"WebSite\",\"@id\":\"https:\\\/\\\/scs-sion.ch\\\/commerces-de-sion\\\/#website\",\"url\":\"https:\\\/\\\/scs-sion.ch\\\/commerces-de-sion\\\/\",\"name\":\"Sion Commerces et Services\",\"description\":\"\",\"publisher\":{\"@id\":\"https:\\\/\\\/scs-sion.ch\\\/commerces-de-sion\\\/#organization\"},\"potentialAction\":[{\"@type\":\"SearchAction\",\"target\":{\"@type\":\"EntryPoint\",\"urlTemplate\":\"https:\\\/\\\/scs-sion.ch\\\/commerces-de-sion\\\/?s={search_term_string}\"},\"query-input\":{\"@type\":\"PropertyValueSpecification\",\"valueRequired\":true,\"valueName\":\"search_term_string\"}}],\"inLanguage\":\"fr-FR\"},{\"@type\":\"Organization\",\"@id\":\"https:\\\/\\\/scs-sion.ch\\\/commerces-de-sion\\\/#organization\",\"name\":\"Sion Commerces et Services\",\"url\":\"https:\\\/\\\/scs-sion.ch\\\/commerces-de-sion\\\/\",\"logo\":{\"@type\":\"ImageObject\",\"inLanguage\":\"fr-FR\",\"@id\":\"https:\\\/\\\/scs-sion.ch\\\/commerces-de-sion\\\/#\\\/schema\\\/logo\\\/image\\\/\",\"url\":\"https:\\\/\\\/scs-sion.ch\\\/commerces-de-sion\\\/wp-content\\\/uploads\\\/2023\\\/05\\\/membre-sans-logo.png\",\"contentUrl\":\"https:\\\/\\\/scs-sion.ch\\\/commerces-de-sion\\\/wp-content\\\/uploads\\\/2023\\\/05\\\/membre-sans-logo.png\",\"width\":500,\"height\":320,\"caption\":\"Sion Commerces et Services\"},\"image\":{\"@id\":\"https:\\\/\\\/scs-sion.ch\\\/commerces-de-sion\\\/#\\\/schema\\\/logo\\\/image\\\/\"},\"sameAs\":[\"https:\\\/\\\/www.facebook.com\\\/scssion\\\/\"]}]}<\/script>\n<!-- \/ Yoast SEO plugin. -->","yoast_head_json":{"title":"Bon Cadeau - Sion Commerces et Services","description":"SCS propose des bons cadeaux digitaux que vous pouvez utiliser dans l'ensemble des commerces membres de l'association.","robots":{"index":"index","follow":"follow","max-snippet":"max-snippet:-1","max-image-preview":"max-image-preview:large","max-video-preview":"max-video-preview:-1"},"canonical":"https:\/\/scs-sion.ch\/commerces-de-sion\/digigift\/","og_locale":"fr_FR","og_type":"article","og_title":"Bon Cadeau - Sion Commerces et Services","og_description":"SCS propose des bons cadeaux digitaux que vous pouvez utiliser dans l'ensemble des commerces membres de l'association.","og_url":"https:\/\/scs-sion.ch\/commerces-de-sion\/digigift\/","og_site_name":"Sion Commerces et Services","article_publisher":"https:\/\/www.facebook.com\/scssion\/","article_modified_time":"2025-09-08T06:46:46+00:00","og_image":[{"width":1200,"height":675,"url":"https:\/\/scs-sion.ch\/commerces-de-sion\/wp-content\/uploads\/2023\/05\/image-entite.png","type":"image\/png"}],"twitter_card":"summary_large_image","twitter_misc":{"Dur\u00e9e de lecture estim\u00e9e":"2 minutes"},"schema":{"@context":"https:\/\/schema.org","@graph":[{"@type":"WebPage","@id":"https:\/\/scs-sion.ch\/commerces-de-sion\/digigift\/","url":"https:\/\/scs-sion.ch\/commerces-de-sion\/digigift\/","name":"Bon Cadeau - Sion Commerces et Services","isPartOf":{"@id":"https:\/\/scs-sion.ch\/commerces-de-sion\/#website"},"datePublished":"2023-04-26T12:27:33+00:00","dateModified":"2025-09-08T06:46:46+00:00","description":"SCS propose des bons cadeaux digitaux que vous pouvez utiliser dans l'ensemble des commerces membres de l'association.","breadcrumb":{"@id":"https:\/\/scs-sion.ch\/commerces-de-sion\/digigift\/#breadcrumb"},"inLanguage":"fr-FR","potentialAction":[{"@type":"ReadAction","target":["https:\/\/scs-sion.ch\/commerces-de-sion\/digigift\/"]}]},{"@type":"BreadcrumbList","@id":"https:\/\/scs-sion.ch\/commerces-de-sion\/digigift\/#breadcrumb","itemListElement":[{"@type":"ListItem","position":1,"name":"Accueil","item":"https:\/\/scs-sion.ch\/commerces-de-sion\/"},{"@type":"ListItem","position":2,"name":"Bon Cadeau"}]},{"@type":"WebSite","@id":"https:\/\/scs-sion.ch\/commerces-de-sion\/#website","url":"https:\/\/scs-sion.ch\/commerces-de-sion\/","name":"Sion Commerces et Services","description":"","publisher":{"@id":"https:\/\/scs-sion.ch\/commerces-de-sion\/#organization"},"potentialAction":[{"@type":"SearchAction","target":{"@type":"EntryPoint","urlTemplate":"https:\/\/scs-sion.ch\/commerces-de-sion\/?s={search_term_string}"},"query-input":{"@type":"PropertyValueSpecification","valueRequired":true,"valueName":"search_term_string"}}],"inLanguage":"fr-FR"},{"@type":"Organization","@id":"https:\/\/scs-sion.ch\/commerces-de-sion\/#organization","name":"Sion Commerces et Services","url":"https:\/\/scs-sion.ch\/commerces-de-sion\/","logo":{"@type":"ImageObject","inLanguage":"fr-FR","@id":"https:\/\/scs-sion.ch\/commerces-de-sion\/#\/schema\/logo\/image\/","url":"https:\/\/scs-sion.ch\/commerces-de-sion\/wp-content\/uploads\/2023\/05\/membre-sans-logo.png","contentUrl":"https:\/\/scs-sion.ch\/commerces-de-sion\/wp-content\/uploads\/2023\/05\/membre-sans-logo.png","width":500,"height":320,"caption":"Sion Commerces et Services"},"image":{"@id":"https:\/\/scs-sion.ch\/commerces-de-sion\/#\/schema\/logo\/image\/"},"sameAs":["https:\/\/www.facebook.com\/scssion\/"]}]}},"_links":{"self":[{"href":"https:\/\/scs-sion.ch\/commerces-de-sion\/wp-json\/wp\/v2\/pages\/108","targetHints":{"allow":["GET"]}}],"collection":[{"href":"https:\/\/scs-sion.ch\/commerces-de-sion\/wp-json\/wp\/v2\/pages"}],"about":[{"href":"https:\/\/scs-sion.ch\/commerces-de-sion\/wp-json\/wp\/v2\/types\/page"}],"author":[{"embeddable":true,"href":"https:\/\/scs-sion.ch\/commerces-de-sion\/wp-json\/wp\/v2\/users\/2"}],"replies":[{"embeddable":true,"href":"https:\/\/scs-sion.ch\/commerces-de-sion\/wp-json\/wp\/v2\/comments?post=108"}],"version-history":[{"count":5,"href":"https:\/\/scs-sion.ch\/commerces-de-sion\/wp-json\/wp\/v2\/pages\/108\/revisions"}],"predecessor-version":[{"id":2171,"href":"https:\/\/scs-sion.ch\/commerces-de-sion\/wp-json\/wp\/v2\/pages\/108\/revisions\/2171"}],"wp:attachment":[{"href":"https:\/\/scs-sion.ch\/commerces-de-sion\/wp-json\/wp\/v2\/media?parent=108"}],"curies":[{"name":"wp","href":"https:\/\/api.w.org\/{rel}","templated":true}]}}